{"id":245,"date":"2025-02-19T22:36:33","date_gmt":"2025-02-19T22:36:33","guid":{"rendered":"https:\/\/hgreen.invitacion-digital.com.mx\/?page_id=245"},"modified":"2025-02-19T22:40:40","modified_gmt":"2025-02-19T22:40:40","slug":"vertiz","status":"publish","type":"page","link":"https:\/\/hgreen.invitacion-digital.com.mx\/index.php\/vertiz\/","title":{"rendered":"V\u00e9rtiz"},"content":{"rendered":"\t\t<div data-elementor-type=\"wp-page\" data-elementor-id=\"245\" class=\"elementor elementor-245\" data-elementor-post-type=\"page\">\n\t\t\t\t<div class=\"elementor-element elementor-element-29f6f0a3 e-con-full e-flex e-con e-parent\" data-id=\"29f6f0a3\" data-element_type=\"container\">\n\t\t<div class=\"elementor-element elementor-element-4e420574 e-flex e-con-boxed e-con e-child\" data-id=\"4e420574\" data-element_type=\"container\" data-settings=\"{&quot;background_background&quot;:&quot;classic&quot;}\">\n\t\t\t\t\t<div class=\"e-con-inner\">\n\t\t\t\t<div class=\"elementor-element elementor-element-59a194cf elementor-widget elementor-widget-heading\" data-id=\"59a194cf\" data-element_type=\"widget\" data-widget_type=\"heading.default\">\n\t\t\t\t<div class=\"elementor-widget-container\">\n\t\t\t\t\t<h1 class=\"elementor-heading-title elementor-size-default\">Detalles de Propiedad<\/h1>\t\t\t\t<\/div>\n\t\t\t\t<\/div>\n\t\t\t\t<div class=\"elementor-element elementor-element-283a3fd8 elementor-widget elementor-widget-text-editor\" data-id=\"283a3fd8\" data-element_type=\"widget\" data-widget_type=\"text-editor.default\">\n\t\t\t\t<div class=\"elementor-widget-container\">\n\t\t\t\t\t\t\t\t\t<p><a href=\"#\">Home<\/a> \/ Desarrollo V\u00e9rtiz<\/p>\t\t\t\t\t\t\t\t<\/div>\n\t\t\t\t<\/div>\n\t\t\t\t\t<\/div>\n\t\t\t\t<\/div>\n\t\t\t\t<\/div>\n\t\t<div class=\"elementor-element elementor-element-42c72a7e e-flex e-con-boxed e-con e-parent\" data-id=\"42c72a7e\" data-element_type=\"container\">\n\t\t\t\t\t<div class=\"e-con-inner\">\n\t\t<div class=\"elementor-element elementor-element-445194e9 e-con-full e-flex e-con e-child\" data-id=\"445194e9\" data-element_type=\"container\">\n\t\t<div class=\"elementor-element elementor-element-4d589ce7 e-con-full e-flex e-con e-child\" data-id=\"4d589ce7\" data-element_type=\"container\">\n\t\t<div class=\"elementor-element elementor-element-6b1e91e e-con-full e-flex e-con e-child\" data-id=\"6b1e91e\" data-element_type=\"container\" data-settings=\"{&quot;background_background&quot;:&quot;classic&quot;}\">\n\t\t\t\t<div class=\"elementor-element elementor-element-72a0d7bd elementor-mobile-align-center elementor-widget__width-inherit elementor-icon-list--layout-traditional elementor-list-item-link-full_width elementor-widget elementor-widget-icon-list\" data-id=\"72a0d7bd\" data-element_type=\"widget\" data-widget_type=\"icon-list.default\">\n\t\t\t\t<div class=\"elementor-widget-container\">\n\t\t\t\t\t\t\t<ul class=\"elementor-icon-list-items\">\n\t\t\t\t\t\t\t<li class=\"elementor-icon-list-item\">\n\t\t\t\t\t\t\t\t\t\t\t<span class=\"elementor-icon-list-icon\">\n\t\t\t\t\t\t\t<svg aria-hidden=\"true\" class=\"e-font-icon-svg e-far-dot-circle\" viewBox=\"0 0 512 512\" xmlns=\"http:\/\/www.w3.org\/2000\/svg\"><path d=\"M256 56c110.532 0 200 89.451 200 200 0 110.532-89.451 200-200 200-110.532 0-200-89.451-200-200 0-110.532 89.451-200 200-200m0-48C119.033 8 8 119.033 8 256s111.033 248 248 248 248-111.033 248-248S392.967 8 256 8zm0 168c-44.183 0-80 35.817-80 80s35.817 80 80 80 80-35.817 80-80-35.817-80-80-80z\"><\/path><\/svg>\t\t\t\t\t\t<\/span>\n\t\t\t\t\t\t\t\t\t\t<span class=\"elementor-icon-list-text\">Detalles de Propiedad<\/span>\n\t\t\t\t\t\t\t\t\t<\/li>\n\t\t\t\t\t\t<\/ul>\n\t\t\t\t\t\t<\/div>\n\t\t\t\t<\/div>\n\t\t\t\t<div class=\"elementor-element elementor-element-4c4fdc88 elementor-widget__width-inherit elementor-widget elementor-widget-heading\" data-id=\"4c4fdc88\" data-element_type=\"widget\" data-widget_type=\"heading.default\">\n\t\t\t\t<div class=\"elementor-widget-container\">\n\t\t\t\t\t<h3 class=\"elementor-heading-title elementor-size-default\">V\u00e9rtiz<\/h3>\t\t\t\t<\/div>\n\t\t\t\t<\/div>\n\t\t\t\t<div class=\"elementor-element elementor-element-338df676 elementor-widget__width-inherit elementor-widget-divider--view-line elementor-widget elementor-widget-divider\" data-id=\"338df676\" data-element_type=\"widget\" data-widget_type=\"divider.default\">\n\t\t\t\t<div class=\"elementor-widget-container\">\n\t\t\t\t\t\t\t<div class=\"elementor-divider\">\n\t\t\t<span class=\"elementor-divider-separator\">\n\t\t\t\t\t\t<\/span>\n\t\t<\/div>\n\t\t\t\t\t\t<\/div>\n\t\t\t\t<\/div>\n\t\t\t\t<\/div>\n\t\t\t\t<\/div>\n\t\t\t\t<div class=\"elementor-element elementor-element-240cb47f elementor-widget__width-inherit elementor-widget elementor-widget-image\" data-id=\"240cb47f\" data-element_type=\"widget\" data-widget_type=\"image.default\">\n\t\t\t\t<div class=\"elementor-widget-container\">\n\t\t\t\t\t\t\t\t\t\t\t\t\t\t\t<img fetchpriority=\"high\" decoding=\"async\" width=\"800\" height=\"475\" src=\"https:\/\/hgreen.invitacion-digital.com.mx\/wp-content\/uploads\/2025\/02\/Vertiz-Housing-Green.jpg\" class=\"attachment-large size-large wp-image-182\" alt=\"Residencial V\u00e9rtiz\" srcset=\"https:\/\/hgreen.invitacion-digital.com.mx\/wp-content\/uploads\/2025\/02\/Vertiz-Housing-Green.jpg 1000w, https:\/\/hgreen.invitacion-digital.com.mx\/wp-content\/uploads\/2025\/02\/Vertiz-Housing-Green-300x178.jpg 300w, https:\/\/hgreen.invitacion-digital.com.mx\/wp-content\/uploads\/2025\/02\/Vertiz-Housing-Green-768x456.jpg 768w\" sizes=\"(max-width: 800px) 100vw, 800px\" \/>\t\t\t\t\t\t\t\t\t\t\t\t\t\t\t<\/div>\n\t\t\t\t<\/div>\n\t\t\t\t<div class=\"elementor-element elementor-element-7e1ff27b elementor-widget-divider--view-line elementor-widget elementor-widget-divider\" data-id=\"7e1ff27b\" data-element_type=\"widget\" data-widget_type=\"divider.default\">\n\t\t\t\t<div class=\"elementor-widget-container\">\n\t\t\t\t\t\t\t<div class=\"elementor-divider\">\n\t\t\t<span class=\"elementor-divider-separator\">\n\t\t\t\t\t\t<\/span>\n\t\t<\/div>\n\t\t\t\t\t\t<\/div>\n\t\t\t\t<\/div>\n\t\t<div class=\"elementor-element elementor-element-60dc9b78 e-con-full e-flex e-con e-child\" data-id=\"60dc9b78\" data-element_type=\"container\">\n\t\t\t\t<div class=\"elementor-element elementor-element-54c30b8e elementor-widget__width-inherit elementor-widget elementor-widget-heading\" data-id=\"54c30b8e\" data-element_type=\"widget\" data-widget_type=\"heading.default\">\n\t\t\t\t<div class=\"elementor-widget-container\">\n\t\t\t\t\t<h4 class=\"elementor-heading-title elementor-size-default\">Locaci\u00f3n<\/h4>\t\t\t\t<\/div>\n\t\t\t\t<\/div>\n\t\t\t\t<div class=\"elementor-element elementor-element-19af516d elementor-widget elementor-widget-google_maps\" data-id=\"19af516d\" data-element_type=\"widget\" data-widget_type=\"google_maps.default\">\n\t\t\t\t<div class=\"elementor-widget-container\">\n\t\t\t\t\t\t\t<div class=\"elementor-custom-embed\">\n\t\t\t<iframe loading=\"lazy\"\n\t\t\t\t\tsrc=\"https:\/\/maps.google.com\/maps?q=C.%20Dr.%20Jos%C3%A9%20Mar%C3%ADa%20V%C3%A9rtiz%20201%2C%20Doctores%2C%20Cuauht%C3%A9moc%2C%2006720%20Ciudad%20de%20M%C3%A9xico%2C%20CDMX&#038;t=m&#038;z=16&#038;output=embed&#038;iwloc=near\"\n\t\t\t\t\ttitle=\"C. Dr. Jos\u00e9 Mar\u00eda V\u00e9rtiz 201, Doctores, Cuauht\u00e9moc, 06720 Ciudad de M\u00e9xico, CDMX\"\n\t\t\t\t\taria-label=\"C. Dr. Jos\u00e9 Mar\u00eda V\u00e9rtiz 201, Doctores, Cuauht\u00e9moc, 06720 Ciudad de M\u00e9xico, CDMX\"\n\t\t\t><\/iframe>\n\t\t<\/div>\n\t\t\t\t\t\t<\/div>\n\t\t\t\t<\/div>\n\t\t\t\t<\/div>\n\t\t\t\t<\/div>\n\t\t\t\t\t<\/div>\n\t\t\t\t<\/div>\n\t\t\t\t<\/div>\n\t\t","protected":false},"excerpt":{"rendered":"<p>Detalles de Propiedad Home \/ Desarrollo V\u00e9rtiz Detalles de Propiedad V\u00e9rtiz Locaci\u00f3n<\/p>\n","protected":false},"author":1,"featured_media":0,"parent":0,"menu_order":0,"comment_status":"closed","ping_status":"closed","template":"elementor_header_footer","meta":{"footnotes":""},"class_list":["post-245","page","type-page","status-publish","hentry"],"_links":{"self":[{"href":"https:\/\/hgreen.invitacion-digital.com.mx\/index.php\/wp-json\/wp\/v2\/pages\/245","targetHints":{"allow":["GET"]}}],"collection":[{"href":"https:\/\/hgreen.invitacion-digital.com.mx\/index.php\/wp-json\/wp\/v2\/pages"}],"about":[{"href":"https:\/\/hgreen.invitacion-digital.com.mx\/index.php\/wp-json\/wp\/v2\/types\/page"}],"author":[{"embeddable":true,"href":"https:\/\/hgreen.invitacion-digital.com.mx\/index.php\/wp-json\/wp\/v2\/users\/1"}],"replies":[{"embeddable":true,"href":"https:\/\/hgreen.invitacion-digital.com.mx\/index.php\/wp-json\/wp\/v2\/comments?post=245"}],"version-history":[{"count":4,"href":"https:\/\/hgreen.invitacion-digital.com.mx\/index.php\/wp-json\/wp\/v2\/pages\/245\/revisions"}],"predecessor-version":[{"id":250,"href":"https:\/\/hgreen.invitacion-digital.com.mx\/index.php\/wp-json\/wp\/v2\/pages\/245\/revisions\/250"}],"wp:attachment":[{"href":"https:\/\/hgreen.invitacion-digital.com.mx\/index.php\/wp-json\/wp\/v2\/media?parent=245"}],"curies":[{"name":"wp","href":"https:\/\/api.w.org\/{rel}","templated":true}]}}